{"id":190,"date":"2020-01-02T21:10:27","date_gmt":"2020-01-02T21:10:27","guid":{"rendered":"http:\/\/csu-aschau.de\/?page_id=190"},"modified":"2025-07-21T14:53:24","modified_gmt":"2025-07-21T14:53:24","slug":"leitlinien","status":"publish","type":"page","link":"https:\/\/csu-aschau.de\/?page_id=190","title":{"rendered":"Leitlinien"},"content":{"rendered":"\n<p>Unser Aschau\nsteht gut da. Wir leben unsere Traditionen und f\u00fchlen uns im christlichen Erbe\ngeborgen. Wir erleben gleicherma\u00dfen eine intakte Natur und wirtschaftliche\nSt\u00e4rke. Wir haben in den vergangenen Jahren im Wesentlichen die richtigen\nEntscheidungen getroffen. Aber wir d\u00fcrfen uns nicht auf den Erfolgen der\nVergangenheit ausruhen. Vor uns stehen Herausforderungen, denen wir uns\ntatkr\u00e4ftig und entschlossen stellen m\u00fcssen: <\/p>\n\n\n\n<p>Chancen nutzen\nund Risiken minimieren \u2013 das ist unser Auftrag. <\/p>\n\n\n\n<p>Wir haben eine\nklare Vorstellung, wie wir die Zukunft unserer Gemeinde gestalten wollen. Wir\nstehen f\u00fcr Chancengleichheit, christliche Werte und bayerische Traditionen,\nNachhaltigkeit in allen Themenfeldern und f\u00fcr die bayerische Lebensart gem\u00e4\u00df\ndem Motto \u201eleben und leben lassen\u201c. <\/p>\n\n\n\n<p>Am 08. M\u00e4rz 2026 geht es darum, die Politik des Miteinanders und der Vernunft weitergehen zu k\u00f6nnen. Extreme helfen uns nicht weiter. Wir brauchen politische Stabilit\u00e4t. Wir brauchen einen starken B\u00fcrgermeister und einen starken Gemeinderat.<\/p>\n\n\n\n<p>Am 08. M\u00e4rz kommt es auf jede Stimme an. Gehen Sie w\u00e4hlen und arbeiten Sie mit uns f\u00fcr unser lebens- und liebenswertes Aschau am Inn.<\/p>\n\n\n\n<p>Wir stellen Ihnen hier unsere <strong>Leitlinien<\/strong> vor, die unabh\u00e4ngig von konkreten Herausforderungen grunds\u00e4tzlich unser Denken und Handeln bestimmen und ein wesentlicher Teil unseres Selbstverst\u00e4ndnisses sind.<\/p>\n\n\n\n<div class=\"wp-block-columns is-layout-flex wp-container-core-columns-is-layout-1 wp-block-columns-is-layout-flex\">\n<div class=\"wp-block-column is-layout-flow wp-block-column-is-layout-flow\">\n<div class=\"wp-block-stevehenty-drop-shadow-box dropshadowboxes-container\" style=\"width:auto\"><div class=\"dropshadowboxes-drop-shadow dropshadowboxes-lifted-both dropshadowboxes-rounded-corners dropshadowboxes-inside-and-outside-shadow\" style=\"background-color:#FFFFFF;border-style:solid;border-width:2px;border-color:#DDDDDD;width:;padding:10px\"><div>\n<figure class=\"wp-block-image size-large\"><img loading=\"lazy\" decoding=\"async\" width=\"500\" height=\"500\" src=\"http:\/\/csu-aschau.de\/wp-content\/uploads\/2020\/01\/Ortsentwicklung.jpg\" alt=\"\" class=\"wp-image-191\" srcset=\"https:\/\/csu-aschau.de\/wp-content\/uploads\/2020\/01\/Ortsentwicklung.jpg 500w, https:\/\/csu-aschau.de\/wp-content\/uploads\/2020\/01\/Ortsentwicklung-300x300.jpg 300w, https:\/\/csu-aschau.de\/wp-content\/uploads\/2020\/01\/Ortsentwicklung-150x150.jpg 150w\" sizes=\"(max-width: 500px) 100vw, 500px\" \/><\/figure>\n\n\n\n<p class=\"has-text-align-left has-accent-1-color has-text-color\" style=\"font-size:21px\"><strong>Ortsentwicklung<\/strong><\/p>\n\n\n\n<p>Wir bringen \u00d6kologie, \u00d6konomie und Soziale Grundwerte unter unserem obersten Prinzip der Nachhaltigkeit zusammen.<\/p>\n\n\n\n<p>Wir leben eine offene Kommunikations- und Informationskultur mit allen B\u00fcrgern und binden die B\u00fcrger bestm\u00f6glich in die Entscheidungsprozesse mit ein.<\/p>\n<\/div><\/div><\/div>\n<\/div>\n\n\n\n<div class=\"wp-block-column is-layout-flow wp-block-column-is-layout-flow\">\n<div class=\"wp-block-stevehenty-drop-shadow-box dropshadowboxes-container\" style=\"width:auto\"><div class=\"dropshadowboxes-drop-shadow dropshadowboxes-lifted-both dropshadowboxes-rounded-corners dropshadowboxes-inside-and-outside-shadow\" style=\"background-color:#FFFFFF;border-style:solid;border-width:2px;border-color:#DDDDDD;width:;padding:10px\"><div>\n<figure class=\"wp-block-image size-large is-resized\"><img loading=\"lazy\" decoding=\"async\" width=\"852\" height=\"851\" src=\"http:\/\/csu-aschau.de\/wp-content\/uploads\/2020\/01\/wohnenundleben.jpg\" alt=\"\" class=\"wp-image-196\" style=\"width:363px;height:363px\" srcset=\"https:\/\/csu-aschau.de\/wp-content\/uploads\/2020\/01\/wohnenundleben.jpg 852w, https:\/\/csu-aschau.de\/wp-content\/uploads\/2020\/01\/wohnenundleben-300x300.jpg 300w, https:\/\/csu-aschau.de\/wp-content\/uploads\/2020\/01\/wohnenundleben-150x150.jpg 150w, https:\/\/csu-aschau.de\/wp-content\/uploads\/2020\/01\/wohnenundleben-768x767.jpg 768w\" sizes=\"(max-width: 852px) 100vw, 852px\" \/><\/figure>\n\n\n\n<p class=\"has-accent-1-color has-text-color\" style=\"font-size:21px\"><strong>Wohnen und Leben<\/strong><\/p>\n\n\n\n<p>Wir stehen f\u00fcr bezahlbaren Wohnraum f\u00fcr alle Aschauer.<\/p>\n\n\n\n<p>Wir bewahren unseren Ortscharakter und stehen f\u00fcr ein gesundes und moderates Wachstum der Gemeinde.<\/p>\n\n\n\n<p>Wir verstehen Aschau als Gesamtheit unserer Ortsteile &#8211; nur gemeinsam k\u00f6nnen wir mehr erreichen. <\/p>\n<\/div><\/div><\/div>\n<\/div>\n\n\n\n<div class=\"wp-block-column is-layout-flow wp-block-column-is-layout-flow\">\n<div class=\"wp-block-stevehenty-drop-shadow-box dropshadowboxes-container\" style=\"width:auto\"><div class=\"dropshadowboxes-drop-shadow dropshadowboxes-lifted-both dropshadowboxes-rounded-corners dropshadowboxes-inside-and-outside-shadow\" style=\"background-color:#FFFFFF;border-style:solid;border-width:2px;border-color:#DDDDDD;width:;padding:10px\"><div>\n<figure class=\"wp-block-image size-large is-resized\"><img loading=\"lazy\" decoding=\"async\" width=\"853\" height=\"853\" src=\"http:\/\/csu-aschau.de\/wp-content\/uploads\/2020\/01\/soziales.jpg\" alt=\"\" class=\"wp-image-199\" style=\"width:363px;height:363px\" srcset=\"https:\/\/csu-aschau.de\/wp-content\/uploads\/2020\/01\/soziales.jpg 853w, https:\/\/csu-aschau.de\/wp-content\/uploads\/2020\/01\/soziales-300x300.jpg 300w, https:\/\/csu-aschau.de\/wp-content\/uploads\/2020\/01\/soziales-150x150.jpg 150w, https:\/\/csu-aschau.de\/wp-content\/uploads\/2020\/01\/soziales-768x768.jpg 768w\" sizes=\"(max-width: 853px) 100vw, 853px\" \/><\/figure>\n\n\n\n<p class=\"has-accent-1-color has-text-color\" style=\"font-size:21px\"><strong>Soziales<\/strong><\/p>\n\n\n\n<p>Wir leisten unseren Beitrag f\u00fcr ein barrierefreies Aschau &#8211; wir stehen f\u00fcr Inklusion und Teilhabe.<\/p>\n\n\n\n<p>Wir wollen, dass alle Aschauer die M\u00f6glichkeit haben in Aschau sicher und gut betreut alt zu werden und ihren Lebensabend zu verbringen.<\/p>\n\n\n\n<p>Wir bieten allen Menschen einen Platz in unserer Gemeinschaft und f\u00f6rdern Integration.<\/p>\n\n\n\n<p>Wir stehen f\u00fcr ein Miteinander der Generationen &#8211; als familienfreundliche Gemeinde haben wir alle Generationen im Block und unterst\u00fctzen sie zuverl\u00e4ssig.<\/p>\n\n\n\n<p>Wir verstehen, dass die Kinderbetreuung f\u00fcr viele Aschauer ein Spannungsfeld zwischen Familie und Beruf darstellt und richten daran unsere Betreuungsangebote aus.<\/p>\n<\/div><\/div><\/div>\n<\/div>\n<\/div>\n\n\n\n<div class=\"wp-block-columns is-layout-flex wp-container-core-columns-is-layout-2 wp-block-columns-is-layout-flex\">\n<div class=\"wp-block-column is-layout-flow wp-block-column-is-layout-flow\">\n<div class=\"wp-block-stevehenty-drop-shadow-box dropshadowboxes-container\" style=\"width:auto\"><div class=\"dropshadowboxes-drop-shadow dropshadowboxes-lifted-both dropshadowboxes-rounded-corners dropshadowboxes-inside-and-outside-shadow\" style=\"background-color:#FFFFFF;border-style:solid;border-width:2px;border-color:#DDDDDD;width:;padding:10px\"><div>\n<figure class=\"wp-block-image size-large\"><img loading=\"lazy\" decoding=\"async\" width=\"363\" height=\"363\" src=\"http:\/\/csu-aschau.de\/wp-content\/uploads\/2020\/01\/Ehrenamt.jpg\" alt=\"\" class=\"wp-image-203\" srcset=\"https:\/\/csu-aschau.de\/wp-content\/uploads\/2020\/01\/Ehrenamt.jpg 363w, https:\/\/csu-aschau.de\/wp-content\/uploads\/2020\/01\/Ehrenamt-300x300.jpg 300w, https:\/\/csu-aschau.de\/wp-content\/uploads\/2020\/01\/Ehrenamt-150x150.jpg 150w\" sizes=\"(max-width: 363px) 100vw, 363px\" \/><\/figure>\n\n\n\n<p class=\"has-accent-1-color has-text-color\" style=\"font-size:21px\"><strong>Ehrenamt &#8211; Vereine<\/strong><\/p>\n\n\n\n<p>Wir unterst\u00fctzen das Ehrenamt und die Vereine- das Herzst\u00fcck unserer Dorfgemeinschaft.<\/p>\n\n\n\n<p>Wir pflegen unsere bayerischen Traditionen und unsere christlichen Wurzeln.<\/p>\n<\/div><\/div><\/div>\n<\/div>\n\n\n\n<div class=\"wp-block-column is-layout-flow wp-block-column-is-layout-flow\">\n<div class=\"wp-block-stevehenty-drop-shadow-box dropshadowboxes-container\" style=\"width:auto\"><div class=\"dropshadowboxes-drop-shadow dropshadowboxes-lifted-both dropshadowboxes-rounded-corners dropshadowboxes-inside-and-outside-shadow\" style=\"background-color:#FFFFFF;border-style:solid;border-width:2px;border-color:#DDDDDD;width:;padding:10px\"><div>\n<figure class=\"wp-block-image size-large\"><img loading=\"lazy\" decoding=\"async\" width=\"363\" height=\"363\" src=\"http:\/\/csu-aschau.de\/wp-content\/uploads\/2020\/01\/Infrastruktur.jpg\" alt=\"\" class=\"wp-image-204\" srcset=\"https:\/\/csu-aschau.de\/wp-content\/uploads\/2020\/01\/Infrastruktur.jpg 363w, https:\/\/csu-aschau.de\/wp-content\/uploads\/2020\/01\/Infrastruktur-300x300.jpg 300w, https:\/\/csu-aschau.de\/wp-content\/uploads\/2020\/01\/Infrastruktur-150x150.jpg 150w\" sizes=\"(max-width: 363px) 100vw, 363px\" \/><\/figure>\n\n\n\n<p class=\"has-accent-1-color has-text-color\" style=\"font-size:21px\"><strong>Infrastruktur<\/strong><\/p>\n\n\n\n<p>Wir m\u00fcssen die \u00e4rztliche Versorgung und Nahversorgung sichern und ausbauen.<\/p>\n\n\n\n<p>Wir unterst\u00fctzen die St\u00e4rkung und den Ausbau des \u00f6ffentlichen Nahverkehrs.<\/p>\n\n\n\n<p>Wir sehen die Digitalisierung als wesentliche Herausforderung unserer Zeit, stabile und schnelle Verbindungen m\u00fcssen fl\u00e4chendeckend vorhanden sein.<\/p>\n\n\n\n<p>Wir verstehen unsere Kindergarten- und Schuleinrichtungen als ma\u00dfgebliche Investition in die Zukunft unserer Kinder \u2013 diese gilt es sicher, modern und qualitativ hochwertig auszustatten.<\/p>\n\n\n\n<p>Wir stellen die Trinkwasserversorgung sicher und nehmen den Hochwasserschutz ernst.<\/p>\n<\/div><\/div><\/div>\n<\/div>\n\n\n\n<div class=\"wp-block-column is-layout-flow wp-block-column-is-layout-flow\">\n<div class=\"wp-block-stevehenty-drop-shadow-box dropshadowboxes-container\" style=\"width:auto\"><div class=\"dropshadowboxes-drop-shadow dropshadowboxes-lifted-both dropshadowboxes-rounded-corners dropshadowboxes-inside-and-outside-shadow\" style=\"background-color:#FFFFFF;border-style:solid;border-width:2px;border-color:#DDDDDD;width:;padding:10px\"><div>\n<figure class=\"wp-block-image size-large\"><img loading=\"lazy\" decoding=\"async\" width=\"363\" height=\"363\" src=\"http:\/\/csu-aschau.de\/wp-content\/uploads\/2020\/01\/Wirtschaft.jpg\" alt=\"\" class=\"wp-image-205\" srcset=\"https:\/\/csu-aschau.de\/wp-content\/uploads\/2020\/01\/Wirtschaft.jpg 363w, https:\/\/csu-aschau.de\/wp-content\/uploads\/2020\/01\/Wirtschaft-300x300.jpg 300w, https:\/\/csu-aschau.de\/wp-content\/uploads\/2020\/01\/Wirtschaft-150x150.jpg 150w\" sizes=\"(max-width: 363px) 100vw, 363px\" \/><\/figure>\n\n\n\n<p class=\"has-accent-1-color has-text-color\" style=\"font-size:21px\"><strong>Wirtschaft<\/strong><\/p>\n\n\n\n<p>Wir leben die Wirtshauskultur, schaffen M\u00f6glichkeiten und unterst\u00fctzen die Gastronomie.<\/p>\n\n\n\n<p>Wir unterst\u00fctzen die Vermarktung Aschauer Produkte und Dienstleistungen und steigern die regionale Wertsch\u00f6pfung.<\/p>\n\n\n\n<p>Wir unterst\u00fctzen die Unternehmensentwicklungen, sichern bestehende und f\u00f6rdern neue Arbeitspl\u00e4tze.<\/p>\n\n\n\n<p>Wir stehen im permanenten und intensiven Austausch mit allen Aschauer Betrieben, stimmen unser Handeln ab und arbeiten zum Vorteil aller zusammen.<\/p>\n<\/div><\/div><\/div>\n<\/div>\n<\/div>\n\n\n\n<div class=\"wp-block-columns is-layout-flex wp-container-core-columns-is-layout-3 wp-block-columns-is-layout-flex\">\n<div class=\"wp-block-column is-layout-flow wp-block-column-is-layout-flow\">\n<div class=\"wp-block-stevehenty-drop-shadow-box dropshadowboxes-container\" style=\"width:auto\"><div class=\"dropshadowboxes-drop-shadow dropshadowboxes-lifted-both dropshadowboxes-rounded-corners dropshadowboxes-inside-and-outside-shadow\" style=\"background-color:#FFFFFF;border-style:solid;border-width:2px;border-color:#DDDDDD;width:;padding:10px\"><div>\n<figure class=\"wp-block-image size-large\"><img loading=\"lazy\" decoding=\"async\" width=\"363\" height=\"363\" src=\"http:\/\/csu-aschau.de\/wp-content\/uploads\/2020\/01\/Umwelt.jpg\" alt=\"\" class=\"wp-image-208\" srcset=\"https:\/\/csu-aschau.de\/wp-content\/uploads\/2020\/01\/Umwelt.jpg 363w, https:\/\/csu-aschau.de\/wp-content\/uploads\/2020\/01\/Umwelt-300x300.jpg 300w, https:\/\/csu-aschau.de\/wp-content\/uploads\/2020\/01\/Umwelt-150x150.jpg 150w\" sizes=\"(max-width: 363px) 100vw, 363px\" \/><\/figure>\n\n\n\n<p class=\"has-accent-1-color has-text-color\" style=\"font-size:21px\"><strong>Umwelt<\/strong><\/p>\n\n\n\n<p>Wir bekennen uns ausdr\u00fccklich zum Umwelt- und Klimaschutz sowie zum Erhalt der biologischen Vielfalt.<\/p>\n\n\n\n<p>Wir gehen mit allen unseren Ressourcen ma\u00dfvoll, schonend und nachhaltig um.<\/p>\n\n\n\n<p>Wir sch\u00e4tzen unsere Bauern. Sie pr\u00e4gen ganz wesentlich das Gesicht unserer Gemeinde &#8211; wir sind f\u00fcr faire Preise und gegen einseitige Schuldzuweisungen bei Umwelt-, Tier- und Klimaschutz.<\/p>\n<\/div><\/div><\/div>\n<\/div>\n\n\n\n<div class=\"wp-block-column is-layout-flow wp-block-column-is-layout-flow\"><\/div>\n\n\n\n<div class=\"wp-block-column is-layout-flow wp-block-column-is-layout-flow\"><\/div>\n<\/div>\n","protected":false},"excerpt":{"rendered":"<p>Unser Aschau steht gut da. Wir leben unsere Traditionen und f\u00fchlen uns im christlichen Erbe geborgen. Wir erleben gleicherma\u00dfen eine intakte Natur und wirtschaftliche St\u00e4rke. Wir haben in den vergangenen Jahren im Wesentlichen die richtigen Entscheidungen getroffen. Aber wir d\u00fcrfen uns nicht auf den Erfolgen der Vergangenheit ausruhen. Vor uns &hellip;<\/p>\n","protected":false},"author":1,"featured_media":0,"parent":0,"menu_order":0,"comment_status":"closed","ping_status":"closed","template":"","meta":{"ngg_post_thumbnail":0,"footnotes":""},"class_list":["post-190","page","type-page","status-publish","hentry"],"jetpack_sharing_enabled":true,"_links":{"self":[{"href":"https:\/\/csu-aschau.de\/index.php?rest_route=\/wp\/v2\/pages\/190"}],"collection":[{"href":"https:\/\/csu-aschau.de\/index.php?rest_route=\/wp\/v2\/pages"}],"about":[{"href":"https:\/\/csu-aschau.de\/index.php?rest_route=\/wp\/v2\/types\/page"}],"author":[{"embeddable":true,"href":"https:\/\/csu-aschau.de\/index.php?rest_route=\/wp\/v2\/users\/1"}],"replies":[{"embeddable":true,"href":"https:\/\/csu-aschau.de\/index.php?rest_route=%2Fwp%2Fv2%2Fcomments&post=190"}],"version-history":[{"count":12,"href":"https:\/\/csu-aschau.de\/index.php?rest_route=\/wp\/v2\/pages\/190\/revisions"}],"predecessor-version":[{"id":291,"href":"https:\/\/csu-aschau.de\/index.php?rest_route=\/wp\/v2\/pages\/190\/revisions\/291"}],"wp:attachment":[{"href":"https:\/\/csu-aschau.de\/index.php?rest_route=%2Fwp%2Fv2%2Fmedia&parent=190"}],"curies":[{"name":"wp","href":"https:\/\/api.w.org\/{rel}","templated":true}]}}